{"id":126,"date":"2022-03-29T10:41:00","date_gmt":"2022-03-29T08:41:00","guid":{"rendered":"https:\/\/bqdentalcenters.es\/ecochecklist\/pt\/?page_id=126"},"modified":"2022-04-05T09:56:24","modified_gmt":"2022-04-05T08:56:24","slug":"contato","status":"publish","type":"page","link":"https:\/\/bqdentalcenters.es\/ecochecklist\/pt\/contato\/","title":{"rendered":"Contato"},"content":{"rendered":"\t\t<div data-elementor-type=\"wp-page\" data-elementor-id=\"126\" class=\"elementor elementor-126\" data-elementor-post-type=\"page\">\n\t\t\t\t\t\t<section class=\"elementor-section elementor-top-section elementor-element elementor-element-b891795 elementor-section-boxed elementor-section-height-default elementor-section-height-default\" data-id=\"b891795\" data-element_type=\"section\" data-e-type=\"section\">\n\t\t\t\t\t\t<div class=\"elementor-container elementor-column-gap-default\">\n\t\t\t\t\t<div class=\"elementor-column elementor-col-100 elementor-top-column elementor-element elementor-element-2ded190\" data-id=\"2ded190\" data-element_type=\"column\" data-e-type=\"column\">\n\t\t\t<div class=\"elementor-widget-wrap elementor-element-populated\">\n\t\t\t\t\t\t<div class=\"elementor-element elementor-element-af6e067 elementor-widget elementor-widget-heading\" data-id=\"af6e067\" data-element_type=\"widget\" data-e-type=\"widget\" data-widget_type=\"heading.default\">\n\t\t\t\t<div class=\"elementor-widget-container\">\n\t\t\t\t\t<h1 class=\"elementor-heading-title elementor-size-default\">Contato<\/h1>\t\t\t\t<\/div>\n\t\t\t\t<\/div>\n\t\t\t\t<div class=\"elementor-element elementor-element-d5ffcac elementor-widget elementor-widget-text-editor\" data-id=\"d5ffcac\" data-element_type=\"widget\" data-e-type=\"widget\" data-widget_type=\"text-editor.default\">\n\t\t\t\t<div class=\"elementor-widget-container\">\n\t\t\t\t\t\t\t\t\t<p>Se <strong>pretender mais informa\u00e7\u00f5es<\/strong> ou <strong>tiver algum problema<\/strong> na utiliza\u00e7\u00e3o da aplica\u00e7\u00e3o, pode contactar-nos atrav\u00e9s do email <a href=\"mailto:ecopt@bqdentalcenters.es\"><strong>ecopt@bqdentalcenters.es<\/strong><\/a> ou atrav\u00e9s do <strong>seguinte formul\u00e1rio<\/strong>. Obrigado!<\/p>\t\t\t\t\t\t\t\t<\/div>\n\t\t\t\t<\/div>\n\t\t\t\t\t<\/div>\n\t\t<\/div>\n\t\t\t\t\t<\/div>\n\t\t<\/section>\n\t\t\t\t<section class=\"elementor-section elementor-top-section elementor-element elementor-element-514d45e elementor-section-boxed elementor-section-height-default elementor-section-height-default\" data-id=\"514d45e\" data-element_type=\"section\" data-e-type=\"section\">\n\t\t\t\t\t\t<div class=\"elementor-container elementor-column-gap-default\">\n\t\t\t\t\t<div class=\"elementor-column elementor-col-100 elementor-top-column elementor-element elementor-element-3a7c6c3\" data-id=\"3a7c6c3\" data-element_type=\"column\" data-e-type=\"column\">\n\t\t\t<div class=\"elementor-widget-wrap elementor-element-populated\">\n\t\t\t\t\t\t<div class=\"elementor-element elementor-element-f982e72 elementor-button-align-start elementor-widget elementor-widget-form\" data-id=\"f982e72\" data-element_type=\"widget\" data-e-type=\"widget\" data-settings=\"{&quot;step_next_label&quot;:&quot;Siguiente&quot;,&quot;step_previous_label&quot;:&quot;Anterior&quot;,&quot;button_width&quot;:&quot;100&quot;,&quot;step_type&quot;:&quot;number_text&quot;,&quot;step_icon_shape&quot;:&quot;circle&quot;}\" data-widget_type=\"form.default\">\n\t\t\t\t<div class=\"elementor-widget-container\">\n\t\t\t\t\t\t\t<form class=\"elementor-form\" method=\"post\" name=\"Formulario Contacto\" aria-label=\"Formulario Contacto\">\n\t\t\t<input type=\"hidden\" name=\"post_id\" value=\"126\"\/>\n\t\t\t<input type=\"hidden\" name=\"form_id\" value=\"f982e72\"\/>\n\t\t\t<input type=\"hidden\" name=\"referer_title\" value=\"Contato\" \/>\n\n\t\t\t\t\t\t\t<input type=\"hidden\" name=\"queried_id\" value=\"126\"\/>\n\t\t\t\n\t\t\t<div class=\"elementor-form-fields-wrapper elementor-labels-above\">\n\t\t\t\t\t\t\t\t<div class=\"elementor-field-type-text elementor-field-group elementor-column elementor-field-group-name elementor-col-100 elementor-field-required elementor-mark-required\">\n\t\t\t\t\t\t\t\t\t\t\t\t<label for=\"form-field-name\" class=\"elementor-field-label\">\n\t\t\t\t\t\t\t\tNome\t\t\t\t\t\t\t<\/label>\n\t\t\t\t\t\t\t\t\t\t\t\t\t\t<input size=\"1\" type=\"text\" name=\"form_fields[name]\" id=\"form-field-name\" class=\"elementor-field elementor-size-md  elementor-field-textual\" placeholder=\"Nome\" required=\"required\">\n\t\t\t\t\t\t\t\t\t\t\t<\/div>\n\t\t\t\t\t\t\t\t<div class=\"elementor-field-type-email elementor-field-group elementor-column elementor-field-group-email elementor-col-100 elementor-field-required elementor-mark-required\">\n\t\t\t\t\t\t\t\t\t\t\t\t<label for=\"form-field-email\" class=\"elementor-field-label\">\n\t\t\t\t\t\t\t\tEMail\t\t\t\t\t\t\t<\/label>\n\t\t\t\t\t\t\t\t\t\t\t\t\t\t<input size=\"1\" type=\"email\" name=\"form_fields[email]\" id=\"form-field-email\" class=\"elementor-field elementor-size-md  elementor-field-textual\" placeholder=\"EMail\" required=\"required\">\n\t\t\t\t\t\t\t\t\t\t\t<\/div>\n\t\t\t\t\t\t\t\t<div class=\"elementor-field-type-textarea elementor-field-group elementor-column elementor-field-group-message elementor-col-100 elementor-field-required elementor-mark-required\">\n\t\t\t\t\t\t\t\t\t\t\t\t<label for=\"form-field-message\" class=\"elementor-field-label\">\n\t\t\t\t\t\t\t\tMensagem\t\t\t\t\t\t\t<\/label>\n\t\t\t\t\t\t<textarea class=\"elementor-field-textual elementor-field  elementor-size-md\" name=\"form_fields[message]\" id=\"form-field-message\" rows=\"4\" placeholder=\"Mensagem\" required=\"required\"><\/textarea>\t\t\t\t<\/div>\n\t\t\t\t\t\t\t\t<div class=\"elementor-field-type-acceptance elementor-field-group elementor-column elementor-field-group-field_c8d7f47 elementor-col-100 elementor-field-required elementor-mark-required\">\n\t\t\t\t\t\t\t<div class=\"elementor-field-subgroup\">\n\t\t\t<span class=\"elementor-field-option\">\n\t\t\t\t<input type=\"checkbox\" name=\"form_fields[field_c8d7f47]\" id=\"form-field-field_c8d7f47\" class=\"elementor-field elementor-size-md  elementor-acceptance-field\" required=\"required\">\n\t\t\t\t<label for=\"form-field-field_c8d7f47\">Eu li e aceito a <a href=\"https:\/\/bqdentalcenters.es\/ecochecklist\/pt\/informacion-legal\/#politica-privacidad\" target=\"_blank\">politica de privacidade<\/a><\/label>\t\t\t<\/span>\n\t\t<\/div>\n\t\t\t\t\t\t<\/div>\n\t\t\t\t\t\t\t\t<div class=\"elementor-field-group elementor-column elementor-field-type-submit elementor-col-100 e-form__buttons\">\n\t\t\t\t\t<button class=\"elementor-button elementor-size-lg elementor-animation-shrink\" type=\"submit\">\n\t\t\t\t\t\t<span class=\"elementor-button-content-wrapper\">\n\t\t\t\t\t\t\t\t\t\t\t\t\t\t\t\t\t\t\t\t\t\t<span class=\"elementor-button-text\">Enviar<\/span>\n\t\t\t\t\t\t\t\t\t\t\t\t\t<\/span>\n\t\t\t\t\t<\/button>\n\t\t\t\t<\/div>\n\t\t\t<\/div>\n\t\t<\/form>\n\t\t\t\t\t\t<\/div>\n\t\t\t\t<\/div>\n\t\t\t\t<div class=\"elementor-element elementor-element-264f9a7 elementor-widget elementor-widget-text-editor\" data-id=\"264f9a7\" data-element_type=\"widget\" data-e-type=\"widget\" data-widget_type=\"text-editor.default\">\n\t\t\t\t<div class=\"elementor-widget-container\">\n\t\t\t\t\t\t\t\t\t<p>Respons\u00e1vel: ASSOCIA\u00c7\u00c3O BEST QUALITY DENTAL CENTERS<br \/>Objetivo: Responder \u00e0 sua consulta.<br \/>Legitima\u00e7\u00e3o: Consentimento do interessado.<br \/>Destinat\u00e1rios: Os dados ser\u00e3o armazenados em nosso servidor, hospedado por Raiola Networks S.L. N\u00e3o ser\u00e1 comunicado a terceiros.<br \/>Direitos: Acesso, retifica\u00e7\u00e3o, elimina\u00e7\u00e3o, limita\u00e7\u00e3o, portabilidade e esquecimento de dados.<br \/>Mais informa\u00e7\u00f5es: <a href=\"https:\/\/bqdentalcenters.es\/ecochecklist\/pt\/informacion-legal\/#politica-privacidad\">Pol\u00edtica de Privacidade<\/a><\/p>\t\t\t\t\t\t\t\t<\/div>\n\t\t\t\t<\/div>\n\t\t\t\t\t<\/div>\n\t\t<\/div>\n\t\t\t\t\t<\/div>\n\t\t<\/section>\n\t\t\t\t<\/div>\n\t\t","protected":false},"excerpt":{"rendered":"<p>Contato Se pretender mais informa\u00e7\u00f5es ou tiver algum problema na utiliza\u00e7\u00e3o da aplica\u00e7\u00e3o, pode contactar-nos atrav\u00e9s do email ecopt@bqdentalcenters.es ou atrav\u00e9s do seguinte formul\u00e1rio. Obrigado! Respons\u00e1vel: ASSOCIA\u00c7\u00c3O BEST QUALITY DENTAL CENTERSObjetivo: Responder \u00e0 sua consulta.Legitima\u00e7\u00e3o: Consentimento do interessado.Destinat\u00e1rios: Os dados ser\u00e3o armazenados em nosso servidor, hospedado por Raiola Networks S.L. N\u00e3o ser\u00e1 comunicado a terceiros.Direitos: &#8230; <a title=\"Contato\" class=\"read-more\" href=\"https:\/\/bqdentalcenters.es\/ecochecklist\/pt\/contato\/\" aria-label=\"Leia mais sobre Contato\">Ler mais<\/a><\/p>\n","protected":false},"author":1,"featured_media":0,"parent":0,"menu_order":0,"comment_status":"closed","ping_status":"closed","template":"elementor_header_footer","meta":{"footnotes":""},"class_list":["post-126","page","type-page","status-publish"],"_links":{"self":[{"href":"https:\/\/bqdentalcenters.es\/ecochecklist\/pt\/wp-json\/wp\/v2\/pages\/126","targetHints":{"allow":["GET"]}}],"collection":[{"href":"https:\/\/bqdentalcenters.es\/ecochecklist\/pt\/wp-json\/wp\/v2\/pages"}],"about":[{"href":"https:\/\/bqdentalcenters.es\/ecochecklist\/pt\/wp-json\/wp\/v2\/types\/page"}],"author":[{"embeddable":true,"href":"https:\/\/bqdentalcenters.es\/ecochecklist\/pt\/wp-json\/wp\/v2\/users\/1"}],"replies":[{"embeddable":true,"href":"https:\/\/bqdentalcenters.es\/ecochecklist\/pt\/wp-json\/wp\/v2\/comments?post=126"}],"version-history":[{"count":26,"href":"https:\/\/bqdentalcenters.es\/ecochecklist\/pt\/wp-json\/wp\/v2\/pages\/126\/revisions"}],"predecessor-version":[{"id":241,"href":"https:\/\/bqdentalcenters.es\/ecochecklist\/pt\/wp-json\/wp\/v2\/pages\/126\/revisions\/241"}],"wp:attachment":[{"href":"https:\/\/bqdentalcenters.es\/ecochecklist\/pt\/wp-json\/wp\/v2\/media?parent=126"}],"curies":[{"name":"wp","href":"https:\/\/api.w.org\/{rel}","templated":true}]}}