{"id":28,"date":"2022-03-08T16:58:11","date_gmt":"2022-03-08T15:58:11","guid":{"rendered":"https:\/\/bqdentalcenters.es\/ecochecklist\/register\/"},"modified":"2022-03-29T11:40:04","modified_gmt":"2022-03-29T09:40:04","slug":"registro-clinicas","status":"publish","type":"page","link":"https:\/\/bqdentalcenters.es\/ecochecklist\/registro-clinicas\/","title":{"rendered":"Registro"},"content":{"rendered":"\t\t<div data-elementor-type=\"wp-page\" data-elementor-id=\"28\" class=\"elementor elementor-28\">\n\t\t\t\t\t\t<section class=\"elementor-section elementor-top-section elementor-element elementor-element-951a7a5 elementor-section-boxed elementor-section-height-default elementor-section-height-default\" data-id=\"951a7a5\" data-element_type=\"section\" data-e-type=\"section\">\n\t\t\t\t\t\t<div class=\"elementor-container elementor-column-gap-default\">\n\t\t\t\t\t<div class=\"elementor-column elementor-col-100 elementor-top-column elementor-element elementor-element-5be3448\" data-id=\"5be3448\" data-element_type=\"column\" data-e-type=\"column\">\n\t\t\t<div class=\"elementor-widget-wrap elementor-element-populated\">\n\t\t\t\t\t\t<div class=\"elementor-element elementor-element-7d4e436 elementor-widget elementor-widget-heading\" data-id=\"7d4e436\" data-element_type=\"widget\" data-e-type=\"widget\" data-widget_type=\"heading.default\">\n\t\t\t\t<div class=\"elementor-widget-container\">\n\t\t\t\t\t<h1 class=\"elementor-heading-title elementor-size-default\">Reg\u00edstrate en ECO Checklist<\/h1>\t\t\t\t<\/div>\n\t\t\t\t<\/div>\n\t\t\t\t<div class=\"elementor-element elementor-element-f07317a elementor-widget elementor-widget-text-editor\" data-id=\"f07317a\" data-element_type=\"widget\" data-e-type=\"widget\" data-widget_type=\"text-editor.default\">\n\t\t\t\t<div class=\"elementor-widget-container\">\n\t\t\t\t\t\t\t\t\t<p style=\"text-align: center;\"><em>Registra tu usuario para poder dar de alta tu cl\u00ednica.<\/em><\/p>\t\t\t\t\t\t\t\t<\/div>\n\t\t\t\t<\/div>\n\t\t\t\t\t<\/div>\n\t\t<\/div>\n\t\t\t\t\t<\/div>\n\t\t<\/section>\n\t\t\t\t<section class=\"elementor-section elementor-top-section elementor-element elementor-element-2bd69542 elementor-section-boxed elementor-section-height-default elementor-section-height-default\" data-id=\"2bd69542\" data-element_type=\"section\" data-e-type=\"section\">\n\t\t\t\t\t\t<div class=\"elementor-container elementor-column-gap-default\">\n\t\t\t\t\t<div class=\"elementor-column elementor-col-100 elementor-top-column elementor-element elementor-element-60c8eb2e\" data-id=\"60c8eb2e\" data-element_type=\"column\" data-e-type=\"column\">\n\t\t\t<div class=\"elementor-widget-wrap elementor-element-populated\">\n\t\t\t\t\t\t<div class=\"elementor-element elementor-element-5b9a1449 elementor-widget elementor-widget-shortcode\" data-id=\"5b9a1449\" data-element_type=\"widget\" data-e-type=\"widget\" data-widget_type=\"shortcode.default\">\n\t\t\t\t<div class=\"elementor-widget-container\">\n\t\t\t\t\t\t\t<div class=\"elementor-shortcode\">\n<div class=\"um um-register um-17\">\n\t<div class=\"um-form\" data-mode=\"register\">\n\t\t<form method=\"post\" action=\"\">\n\t\t\t<div class=\"um-row _um_row_1 \" style=\"margin: 0 0 30px 0;\"><div class=\"um-col-1\"><div  id=\"um_field_17_first_name\" class=\"um-field um-field-text  um-field-first_name um-field-text um-field-type_text\" data-key=\"first_name\"><div class=\"um-field-label\"><label for=\"first_name-17\">Nombre<\/label><div class=\"um-clear\"><\/div><\/div><div class=\"um-field-area\"><input  autocomplete=\"off\" class=\"um-form-field valid \" type=\"text\" name=\"first_name-17\" id=\"first_name-17\" value=\"\" placeholder=\"\" data-validate=\"\" data-key=\"first_name\"  aria-invalid=\"false\" \/>\n\n\t\t\t\t\t\t<\/div><\/div><div  id=\"um_field_17_last_name\" class=\"um-field um-field-text  um-field-last_name um-field-text um-field-type_text\" data-key=\"last_name\"><div class=\"um-field-label\"><label for=\"last_name-17\">Apellidos<\/label><div class=\"um-clear\"><\/div><\/div><div class=\"um-field-area\"><input  autocomplete=\"off\" class=\"um-form-field valid \" type=\"text\" name=\"last_name-17\" id=\"last_name-17\" value=\"\" placeholder=\"\" data-validate=\"\" data-key=\"last_name\"  aria-invalid=\"false\" \/>\n\n\t\t\t\t\t\t<\/div><\/div><div  id=\"um_field_17_user_email\" class=\"um-field um-field-text  um-field-user_email um-field-text um-field-type_text\" data-key=\"user_email\"><div class=\"um-field-label\"><label for=\"user_email-17\">Direcci\u00f3n de correo electr\u00f3nico<\/label><div class=\"um-clear\"><\/div><\/div><div class=\"um-field-area\"><input  autocomplete=\"off\" class=\"um-form-field valid \" type=\"text\" name=\"user_email-17\" id=\"user_email-17\" value=\"\" placeholder=\"\" data-validate=\"unique_email\" data-key=\"user_email\"  aria-invalid=\"false\" \/>\n\n\t\t\t\t\t\t<\/div><\/div><div  id=\"um_field_17_user_password\" class=\"um-field um-field-password  um-field-user_password um-field-password um-field-type_password\" data-key=\"user_password\"><div class=\"um-field-label\"><label for=\"user_password-17\">Contrase\u00f1a<\/label><div class=\"um-clear\"><\/div><\/div><div class=\"um-field-area\"><input class=\"um-form-field valid \" type=\"password\" name=\"user_password-17\" id=\"user_password-17\" value=\"\" placeholder=\"\" data-validate=\"\" data-key=\"user_password\"  aria-invalid=\"false\" \/>\n\n\t\t\t\t\t\t\t<\/div><\/div><div  id=\"um_field_17_confirm_user_password\" class=\"um-field um-field-password  um-field-user_password um-field-password um-field-type_password\" data-key=\"confirm_user_password\"><div class=\"um-field-label\"><label for=\"confirm_user_password-17\">Confirmar Contrase\u00f1a<\/label><div class=\"um-clear\"><\/div><\/div><div class=\"um-field-area\"><input class=\"um-form-field valid \" type=\"password\" name=\"confirm_user_password-17\" id=\"confirm_user_password-17\" value=\"\" placeholder=\"Confirmar Contrase\u00f1a\" data-validate=\"\" data-key=\"confirm_user_password\"  aria-invalid=\"false\" \/><\/div><\/div><\/div><\/div>\n<!-- This file should primarily consist of HTML with a little bit of PHP. -->\n<div class=\"um-field um-field-type_terms_conditions\" data-key=\"use_terms_conditions_agreement\" style=\"display:block;padding:0;\">\n\t<div class=\"um-field-area\">\n\t\t<div class=\"um-gdpr-content\" style=\"display:none;\">\n\t\t\t<p>Mediante la presente pol\u00edtica de privacidad le informamos de que, en cumplimiento de lo previsto en la normativa aplicable en materia de Protecci\u00f3n de Datos de car\u00e1cter personal, los datos solicitados en cuantos formularios y\/o espacios en los que se requiera de su identificaci\u00f3n dentro de la presente p\u00e1gina web pasar\u00e1n a formar parte de un fichero titularidad de ASOCIACI\u00d3N BEST QUALITY DENTAL CENTERS, con domicilio en C\/ Marina, 16-18 Planta 27, 08005 Barcelona, y provista de NIF G65811598, en adelante ASOCIACI\u00d3N BEST QUALITY DENTAL CENTERS.<\/p>\n<p><strong>La finalidad del tratamiento:<\/strong><\/p>\n<p>Sus datos ser\u00e1n tratados \u00fanicamente con la finalidad de atender a su consulta, prestarle los servicios solicitados y facilitarle informaci\u00f3n acerca de nuestra entidad.<br \/>\nAl mismo tiempo, los datos de contacto podr\u00e1n ser utilizados para la remisi\u00f3n de novedades y actuaciones de dinamismo en el portal remitiendo, \u00fanicamente por correo electr\u00f3nico, la informaci\u00f3n relacionada. Para ello, en el correspondiente formulario deber\u00e1 prestar su consentimiento expreso a la remisi\u00f3n de dicha informaci\u00f3n. En cualquier caso, si el usuario quisiera revocar dicho consentimiento deber\u00e1 comunicarlo por escrito, mediante correo electr\u00f3nico, a ASOCIACI\u00d3N BEST QUALITY DENTAL CENTERS.<br \/>\nLos datos obligatorios de cada formulario ser\u00e1n identificados como tales. En caso de ausencia o incorrecci\u00f3n de los mismos ASOCIACI\u00d3N BEST QUALITY DENTAL CENTERS no podr\u00e1 identificarle correctamente y, en consecuencia, se proceder\u00e1 a la supresi\u00f3n del registro en su caso.<\/p>\n<p><strong>Transferencia Internacional de Datos<\/strong><\/p>\n<p>Dentro del funcionamiento interno de este espacio web, le informamos que sus datos podr\u00e1n ser tratados en pa\u00edses fuera de la Uni\u00f3n Europea. En este caso, ASOCIACI\u00d3N BEST QUALITY DENTAL CENTERS vela para que los pa\u00edses destino de sus datos personales siempre tengan un nivel de seguridad equiparable y\/o adecuado de protecci\u00f3n. En cualquier caso, la trasferencia internacional se realizar\u00e1 en cumplimiento de lo estipulado en los Arts. 33 y 34 de la LOPD, Arts. 66 a 68 del RLOPD, y con car\u00e1cter general, atendiendo a los supuestos de regulaci\u00f3n y autorizaci\u00f3n por las autoridades de control, los Arts. 44 y siguientes del RGPD (UE).<br \/>\nAs\u00ed mismo, y en supuesto de que la transferencia internacional de datos responda a la prestaci\u00f3n de un servicio a la ASOCIACI\u00d3N BEST QUALITY DENTAL CENTERS, dicha prestaci\u00f3n cumplir\u00e1 con las disposiciones establecidas en el Art. 12 LOPD, Arts. 20 a 22 RLOPD y Art. 28 RGPD (UE), suscribi\u00e9ndose el correspondiente contrato de encargado de tratamiento.<\/p>\n<p>La transferencia internacional de datos para su tratamiento a trav\u00e9s de www.bqdentalcenters.es ha sido autorizada debidamente por la Autoridad de Control (Agencia Espa\u00f1ola de Protecci\u00f3n de Datos). Puede consultar las garant\u00edas de cumplimiento del nivel de seguridad aportadas por el receptor de los datos a ASOCIACI\u00d3N BEST QUALITY DENTAL CENTERS aqu\u00ed.<\/p>\n<p>En el caso de transferencias internacionales a EEUU, los proveedores de servicios cumplen con todas las garant\u00edas en materia de protecci\u00f3n de datos personales exigidas por el Escudo de Privacidad entre la Uni\u00f3n Europea y EE.UU (Privacy Shield) Haz\u00a0<a href=\"https:\/\/www.privacyshield.gov\/welcome\" target=\"_blank\" rel=\"noopener noreferrer\">click aqu\u00ed<\/a>\u00a0para m\u00e1s informaci\u00f3n sobre el Escudo de Privacidad.<\/p>\n<p><strong>Comunicaciones de datos:<\/strong><\/p>\n<p>Asimismo, sus datos podr\u00e1n ser comunicados a otras empresas, en base al consentimiento otorgado por el titular en el formulario correspondiente de www.bqdentalcenters.es a los siguientes destinatarios y con las finalidades indicadas:<\/p>\n<p>La falta de consentimiento por su parte a dicha comunicaci\u00f3n de datos supondr\u00eda la imposibilidad de atender a su consulta, prestarle los servicios solicitados y facilitarle informaci\u00f3n acerca de nuestra entidad.<\/p>\n<p><strong>Legitimaci\u00f3n y ejercicio de derechos:<\/strong><\/p>\n<p>El usuario consiente el tratamiento de sus datos para las finalidades descritas, y podr\u00e1 ejercer sus derechos de acceso, rectificaci\u00f3n, cancelaci\u00f3n, oposici\u00f3n, as\u00ed como el resto de derechos recogidos en la normativa Europea, mediante correo electr\u00f3nico a la direcci\u00f3n rgpd@bqdentalcenters.es identific\u00e1ndose como usuario del espacio Web, especificando el ejercicio de sus derechos en su solicitud, o bien ejercitar sus derechos por comunicaci\u00f3n postal, por correo ordinario a la direcci\u00f3n (domicilio social) anteriormente indicada.<\/p>\n<p><strong>Tutela de derechos ante la Autoridad de Control:<\/strong><\/p>\n<p>En cualquier supuesto de vulneraci\u00f3n del derecho a la protecci\u00f3n de datos personales, el usuario puede dirigirse a la Autoridad de Control nacional correspondiente, la Agencia Espa\u00f1ola de Protecci\u00f3n de Datos, www.agpd.es , para iniciar los tr\u00e1mites oportunos de reclamaci\u00f3n y\/o defensa de sus derechos.<\/p>\n<p><strong>Conservaci\u00f3n de los datos:<\/strong><\/p>\n<p>Sus datos se conservar\u00e1n por el tiempo necesario para atender a la finalidad para la cual hubieran sido recogidos y a las obligaciones legales derivadas de la misma y, en cualquier caso, terminada la relaci\u00f3n negocial, por un m\u00e1ximo de 5 a\u00f1os.<\/p>\n<p><strong>Responsabilidades del usuario:<\/strong><\/p>\n<p>El usuario garantiza ser mayor de edad, disponiendo de la capacidad suficiente y el conocimiento necesario para utilizar el espacio web de ASOCIACI\u00d3N BEST QUALITY DENTAL CENTERS y su contenido, garantizando que la informaci\u00f3n que facilita en cada uno de los formularios en los que ASOCIACI\u00d3N BEST QUALITY DENTAL CENTERS solicita sus datos personales son veraces, adquiriendo la responsabilidad de informar a ASOCIACI\u00d3N BEST QUALITY DENTAL CENTERS de cualquier cambio y\/o modificaci\u00f3n de los mismos para su correcto tratamiento.<\/p>\n<p><strong>Medidas de Seguridad:<\/strong><\/p>\n<p>ASOCIACI\u00d3N BEST QUALITY DENTAL CENTERS ha implantado las medidas de seguridad necesarias para garantizar un uso y tratamiento eficaz de los datos de car\u00e1cter personal facilitados por el usuario, salvaguardando la intimidad, privacidad, confidencialidad e integridad de los mismos, haciendo uso de los medios t\u00e9cnicos necesarios para evitar la alteraci\u00f3n, p\u00e9rdida, acceso no autorizado o tratamiento de sus datos, seg\u00fan el estado de la tecnolog\u00eda en cada momento, as\u00ed como el alcance de control de ASOCIACI\u00d3N BEST QUALITY DENTAL CENTERS.<br \/>\nASOCIACI\u00d3N BEST QUALITY DENTAL CENTERS podr\u00e1 modificar el contenido de su pol\u00edtica de privacidad en cualquier momento seg\u00fan las modificaciones legislativas, jurisprudenciales o de interpretaci\u00f3n de la Agencia Espa\u00f1ola de Protecci\u00f3n de Datos que puedan producirse.<\/p>\n<p><b>Doy mi autorizaci\u00f3n y consentimiento a facilitar a la Asociaci\u00f3n Best Quality Dental Centers la informaci\u00f3n b\u00e1sica de mi cl\u00ednica dental para participar en el proyecto ECO de sostenibilidad medioambiental.<\/b><\/p>\n<p><b>La Asociaci\u00f3n Best Quality Dental Centers podr\u00e1 utilizar esta informaci\u00f3n y la que resulte de mi actividad en el proyecto exclusivamente para el an\u00e1lisis y posible divulgaci\u00f3n estad\u00edstica, y siempre de forma agregada de todas las cl\u00ednicas y an\u00f3nima.<\/b><\/p>\n\t\t<\/div>\n\t\t<a href=\"javascript:void(0);\" class=\"um-toggle-gdpr\" data-toggle-state=\"hidden\"\n\t\t\tdata-toggle-show=\"Mostrar la pol\u00edtica de privacidad\"\n\t\t\tdata-toggle-hide=\"Ocultar la pol\u00edtica de privacidad\">\n\t\t\tMostrar la pol\u00edtica de privacidad\t\t<\/a>\n\t<\/div>\n\t<div class=\"um-field-area\">\n\t\t<label class=\"um-field-checkbox\">\n\t\t\t<input type=\"checkbox\" name=\"use_gdpr_agreement\" value=\"1\">\n\t\t\t<span class=\"um-field-checkbox-state\"><i class=\"um-icon-android-checkbox-outline-blank\"><\/i><\/span>\n\t\t\t<span class=\"um-field-checkbox-option\">Por favor, confirma que est\u00e1s de acuerdo con nuestra pol\u00edtica de privacidad<\/span>\n\t\t<\/label>\n\t\t<div class=\"um-clear\"><\/div>\n\t\t\t\t<div class=\"um-clear\"><\/div>\n\t<\/div>\n<\/div>\n\t<input type=\"hidden\" name=\"form_id\" id=\"form_id_17\" value=\"17\" \/>\n\t\t<p class=\"um_request_name\">\n\t\t<label for=\"um_request_17\">Only fill in if you are not human<\/label>\n\t\t<input type=\"hidden\" name=\"um_request\" id=\"um_request_17\" class=\"input\" value=\"\" size=\"25\" autocomplete=\"off\" \/>\n\t<\/p>\n\t<input type=\"hidden\" id=\"_wpnonce\" name=\"_wpnonce\" value=\"b8082540d2\" \/><input type=\"hidden\" name=\"_wp_http_referer\" value=\"\/ecochecklist\/wp-json\/wp\/v2\/pages\/28\" \/>\n\t<div class=\"um-col-alt\">\n\n\t\t\n\t\t\t<div class=\"um-center\">\n\t\t\t\t<input type=\"submit\" value=\"Registro\" class=\"um-button\" id=\"um-submit-btn\" \/>\n\t\t\t<\/div>\n\n\t\t\n\t\t<div class=\"um-clear\"><\/div>\n\n\t<\/div>\n\n\t\t\t<\/form>\n\t<\/div>\n<\/div>\n<style>\n\t\t\t.um-17.um {\n\t\t\tmax-width: 450px;\n\t\t}\n\t\t<\/style>\n<\/div>\n\t\t\t\t\t\t<\/div>\n\t\t\t\t<\/div>\n\t\t\t\t<div class=\"elementor-element elementor-element-205f6de elementor-widget elementor-widget-text-editor\" data-id=\"205f6de\" data-element_type=\"widget\" data-e-type=\"widget\" data-widget_type=\"text-editor.default\">\n\t\t\t\t<div class=\"elementor-widget-container\">\n\t\t\t\t\t\t\t\t\t<p>Responsable: ASOCIACI\u00d3N BEST QUALITY DENTAL CENTERS<br \/>Finalidad: Responder a su consulta.<br \/>Legitimaci\u00f3n: Consentimiento del interesado.<br \/>Destinatarios: Los datos quedar\u00e1n almacenados en nuestro servidor, alojado en Raiola Networks S.L. No se comunicar\u00e1 a terceros.<br \/>Derechos: Acceso, rectificaci\u00f3n, supresi\u00f3n, limitaci\u00f3n, portabilidad y olvido de los datos.<br \/>M\u00e1s informaci\u00f3n:\u00a0<a class=\"enlace-form\" href=\"https:\/\/bqdentalcenters.es\/ecochecklist\/informacion-legal\/#politica-privacidad\" target=\"_blank\" rel=\"noopener\">Pol\u00edtica de privacidad<\/a><\/p>\t\t\t\t\t\t\t\t<\/div>\n\t\t\t\t<\/div>\n\t\t\t\t\t<\/div>\n\t\t<\/div>\n\t\t\t\t\t<\/div>\n\t\t<\/section>\n\t\t\t\t<\/div>\n\t\t","protected":false},"excerpt":{"rendered":"<p>Reg\u00edstrate en ECO Checklist Registra tu usuario para poder dar de alta tu cl\u00ednica. Responsable: ASOCIACI\u00d3N BEST QUALITY DENTAL CENTERSFinalidad: Responder a su consulta.Legitimaci\u00f3n: Consentimiento del interesado.Destinatarios: Los datos quedar\u00e1n almacenados en nuestro servidor, alojado en Raiola Networks S.L. No se comunicar\u00e1 a terceros.Derechos: Acceso, rectificaci\u00f3n, supresi\u00f3n, limitaci\u00f3n, portabilidad y olvido de los datos.M\u00e1s informaci\u00f3n:\u00a0Pol\u00edtica &#8230; <a title=\"Registro\" class=\"read-more\" href=\"https:\/\/bqdentalcenters.es\/ecochecklist\/registro-clinicas\/\" aria-label=\"Leer m\u00e1s sobre Registro\">Leer m\u00e1s<\/a><\/p>\n","protected":false},"author":1,"featured_media":0,"parent":0,"menu_order":0,"comment_status":"closed","ping_status":"closed","template":"","meta":{"footnotes":""},"class_list":["post-28","page","type-page","status-publish"],"_links":{"self":[{"href":"https:\/\/bqdentalcenters.es\/ecochecklist\/wp-json\/wp\/v2\/pages\/28","targetHints":{"allow":["GET"]}}],"collection":[{"href":"https:\/\/bqdentalcenters.es\/ecochecklist\/wp-json\/wp\/v2\/pages"}],"about":[{"href":"https:\/\/bqdentalcenters.es\/ecochecklist\/wp-json\/wp\/v2\/types\/page"}],"author":[{"embeddable":true,"href":"https:\/\/bqdentalcenters.es\/ecochecklist\/wp-json\/wp\/v2\/users\/1"}],"replies":[{"embeddable":true,"href":"https:\/\/bqdentalcenters.es\/ecochecklist\/wp-json\/wp\/v2\/comments?post=28"}],"version-history":[{"count":13,"href":"https:\/\/bqdentalcenters.es\/ecochecklist\/wp-json\/wp\/v2\/pages\/28\/revisions"}],"predecessor-version":[{"id":158,"href":"https:\/\/bqdentalcenters.es\/ecochecklist\/wp-json\/wp\/v2\/pages\/28\/revisions\/158"}],"wp:attachment":[{"href":"https:\/\/bqdentalcenters.es\/ecochecklist\/wp-json\/wp\/v2\/media?parent=28"}],"curies":[{"name":"wp","href":"https:\/\/api.w.org\/{rel}","templated":true}]}}