{"id":26520,"date":"2025-03-27T09:29:01","date_gmt":"2025-03-27T08:29:01","guid":{"rendered":"https:\/\/bqdentalcenters.es\/zona-privada\/?page_id=26520"},"modified":"2025-04-14T09:16:57","modified_gmt":"2025-04-14T07:16:57","slug":"bqdc-legal-portugal","status":"publish","type":"page","link":"https:\/\/bqdentalcenters.es\/zona-privada\/bqdc-legal-portugal\/","title":{"rendered":"BQDC Legal Portugal"},"content":{"rendered":"\t\t<div data-elementor-type=\"wp-post\" data-elementor-id=\"1234\" class=\"elementor elementor-1234\">\n\t\t\t\t\t\t<section class=\"elementor-section elementor-top-section elementor-element elementor-element-6a659e95 elementor-section-height-min-height elementor-section-boxed elementor-section-height-default elementor-section-items-middle\" data-id=\"6a659e95\" data-element_type=\"section\" data-e-type=\"section\" data-settings=\"{&quot;background_background&quot;:&quot;classic&quot;}\">\n\t\t\t\t\t\t\t<div class=\"elementor-background-overlay\"><\/div>\n\t\t\t\t\t\t\t<div class=\"elementor-container elementor-column-gap-default\">\n\t\t\t\t\t<div class=\"elementor-column elementor-col-100 elementor-top-column elementor-element elementor-element-2dbb5af7\" data-id=\"2dbb5af7\" data-element_type=\"column\" data-e-type=\"column\">\n\t\t\t<div class=\"elementor-widget-wrap elementor-element-populated\">\n\t\t\t\t\t\t<div class=\"elementor-element elementor-element-78280926 tit-slide-pag elementor-widget elementor-widget-heading\" data-id=\"78280926\" data-element_type=\"widget\" data-e-type=\"widget\" data-widget_type=\"heading.default\">\n\t\t\t\t<div class=\"elementor-widget-container\">\n\t\t\t\t\t<h1 class=\"elementor-heading-title elementor-size-default\">Bienvenidos a la zona de Socios de BQDC<\/h1>\t\t\t\t<\/div>\n\t\t\t\t<\/div>\n\t\t\t\t<div class=\"elementor-element elementor-element-fd1d4fe elementor-widget elementor-widget-heading\" data-id=\"fd1d4fe\" data-element_type=\"widget\" data-e-type=\"widget\" data-widget_type=\"heading.default\">\n\t\t\t\t<div class=\"elementor-widget-container\">\n\t\t\t\t\t<h2 class=\"elementor-heading-title elementor-size-default\">Un espacio de informaci\u00f3n exclusivo y confidencial para los socios<\/h2>\t\t\t\t<\/div>\n\t\t\t\t<\/div>\n\t\t\t\t\t<\/div>\n\t\t<\/div>\n\t\t\t\t\t<\/div>\n\t\t<\/section>\n\t\t\t\t<section class=\"elementor-section elementor-top-section elementor-element elementor-element-6c52606 elementor-section-boxed elementor-section-height-default elementor-section-height-default\" data-id=\"6c52606\" data-element_type=\"section\" data-e-type=\"section\">\n\t\t\t\t\t\t<div class=\"elementor-container elementor-column-gap-extended\">\n\t\t\t\t\t<div class=\"elementor-column elementor-col-100 elementor-top-column elementor-element elementor-element-cbb49b6\" data-id=\"cbb49b6\" data-element_type=\"column\" data-e-type=\"column\">\n\t\t\t<div class=\"elementor-widget-wrap elementor-element-populated\">\n\t\t\t\t\t\t<div class=\"elementor-element elementor-element-5894928 elementor-widget elementor-widget-text-editor\" data-id=\"5894928\" data-element_type=\"widget\" data-e-type=\"widget\" data-widget_type=\"text-editor.default\">\n\t\t\t\t<div class=\"elementor-widget-container\">\n\t\t\t\t\t\t\t\t\tPor favor, inicia sesi\u00f3n a trav\u00e9s de nuestro formulario para acceder al contenido exclusivo de socios.\t\t\t\t\t\t\t\t<\/div>\n\t\t\t\t<\/div>\n\t\t\t\t<section class=\"elementor-section elementor-inner-section elementor-element elementor-element-cec2f14 col-datos-acc elementor-section-boxed elementor-section-height-default elementor-section-height-default\" data-id=\"cec2f14\" data-element_type=\"section\" data-e-type=\"section\">\n\t\t\t\t\t\t<div class=\"elementor-container elementor-column-gap-default\">\n\t\t\t\t\t<div class=\"elementor-column elementor-col-25 elementor-inner-column elementor-element elementor-element-24ecad9 elementor-hidden-tablet elementor-hidden-phone\" data-id=\"24ecad9\" data-element_type=\"column\" data-e-type=\"column\">\n\t\t\t<div class=\"elementor-widget-wrap\">\n\t\t\t\t\t\t\t<\/div>\n\t\t<\/div>\n\t\t\t\t<div class=\"elementor-column elementor-col-25 elementor-inner-column elementor-element elementor-element-872c5cd\" data-id=\"872c5cd\" data-element_type=\"column\" data-e-type=\"column\">\n\t\t\t<div class=\"elementor-widget-wrap elementor-element-populated\">\n\t\t\t\t\t\t<div class=\"elementor-element elementor-element-5670de7 elementor-widget elementor-widget-shortcode\" data-id=\"5670de7\" data-element_type=\"widget\" data-e-type=\"widget\" data-widget_type=\"shortcode.default\">\n\t\t\t\t<div class=\"elementor-widget-container\">\n\t\t\t\t\t\t\t<div class=\"elementor-shortcode\"><div class=\"swpm-login-widget-form\">\n    <form id=\"swpm-login-form\" name=\"swpm-login-form\" method=\"post\" action=\"\">\n        <div class=\"swpm-login-form-inner\">\n            <div class=\"swpm-username-label\">\n                <label for=\"swpm_user_name\" class=\"swpm-label\">Nombre de usuario o correo electr\u00f3nico<\/label>\n            <\/div>\n            <div class=\"swpm-username-input\">\n                <input type=\"text\" class=\"swpm-text-field swpm-username-field\" id=\"swpm_user_name\" value=\"\" size=\"25\" name=\"swpm_user_name\" \/>\n            <\/div>\n            <div class=\"swpm-password-label\">\n                <label for=\"swpm_password\" class=\"swpm-label\">Contrase\u00f1a<\/label>\n            <\/div>\n            <div class=\"swpm-password-input\">\n                <input type=\"password\" class=\"swpm-text-field swpm-password-field\" id=\"swpm_password\" value=\"\" size=\"25\" name=\"swpm_password\" \/>\n            <\/div>\n            <div class=\"swpm-remember-me\">\n                <span class=\"swpm-remember-checkbox\"><input type=\"checkbox\" name=\"rememberme\" value=\"checked='checked'\"><\/span>\n                <span class=\"swpm-rember-label\"> Recu\u00e9rdame<\/span>\n            <\/div>\n            \n            <div class=\"swpm-before-login-submit-section\"><\/div>\n            \n            <div class=\"swpm-login-submit\">\n                <input type=\"submit\" class=\"swpm-login-form-submit\" name=\"swpm-login\" value=\"Acceso\"\/>\n            <\/div>\n            <div class=\"swpm-forgot-pass-link\">\n                <a id=\"forgot_pass\" class=\"swpm-login-form-pw-reset-link\"  href=\"https:\/\/bqdentalcenters.es\/zona-privada\/socios\/password-reset\/\">\u00bfHas olvidado tu contrase\u00f1a?<\/a>\n            <\/div>\n            <div class=\"swpm-join-us-link\">\n                <a id=\"register\" class=\"swpm-login-form-register-link\" href=\"https:\/\/bqdentalcenters.es\/zona-privada\/\">\u00danete a nosotros<\/a>\n            <\/div>\n            <div class=\"swpm-login-action-msg\">\n                <span class=\"swpm-login-widget-action-msg\"><\/span>\n            <\/div>\n        <\/div>\n    <\/form>\n<\/div>\n<\/div>\n\t\t\t\t\t\t<\/div>\n\t\t\t\t<\/div>\n\t\t\t\t\t<\/div>\n\t\t<\/div>\n\t\t\t\t<div class=\"elementor-column elementor-col-25 elementor-inner-column elementor-element elementor-element-53037c7\" data-id=\"53037c7\" data-element_type=\"column\" data-e-type=\"column\" data-settings=\"{&quot;background_background&quot;:&quot;classic&quot;}\">\n\t\t\t<div class=\"elementor-widget-wrap elementor-element-populated\">\n\t\t\t\t\t\t<div class=\"elementor-element elementor-element-bf11b78 elementor-widget elementor-widget-heading\" data-id=\"bf11b78\" data-element_type=\"widget\" data-e-type=\"widget\" data-widget_type=\"heading.default\">\n\t\t\t\t<div class=\"elementor-widget-container\">\n\t\t\t\t\t<h2 class=\"elementor-heading-title elementor-size-default\">\u00bfHas olvidado tu contrase\u00f1a?<\/h2>\t\t\t\t<\/div>\n\t\t\t\t<\/div>\n\t\t\t\t<div class=\"elementor-element elementor-element-fb614e2 elementor-widget elementor-widget-text-editor\" data-id=\"fb614e2\" data-element_type=\"widget\" data-e-type=\"widget\" data-widget_type=\"text-editor.default\">\n\t\t\t\t<div class=\"elementor-widget-container\">\n\t\t\t\t\t\t\t\t\t<p>Haz click aqu\u00ed para cambiar tu contrase\u00f1a de acceso a la zona de socios de BQDC.<\/p>\t\t\t\t\t\t\t\t<\/div>\n\t\t\t\t<\/div>\n\t\t\t\t<div class=\"elementor-element elementor-element-49710e1 elementor-align-center elementor-widget elementor-widget-button\" data-id=\"49710e1\" data-element_type=\"widget\" data-e-type=\"widget\" data-widget_type=\"button.default\">\n\t\t\t\t<div class=\"elementor-widget-container\">\n\t\t\t\t\t\t\t\t\t<div class=\"elementor-button-wrapper\">\n\t\t\t\t\t<a class=\"elementor-button elementor-button-link elementor-size-md\" href=\"https:\/\/bqdentalcenters.es\/zona-privada\/socios\/password-reset\/\">\n\t\t\t\t\t\t<span class=\"elementor-button-content-wrapper\">\n\t\t\t\t\t\t\t\t\t<span class=\"elementor-button-text\">Cambiar contrase\u00f1a<\/span>\n\t\t\t\t\t<\/span>\n\t\t\t\t\t<\/a>\n\t\t\t\t<\/div>\n\t\t\t\t\t\t\t\t<\/div>\n\t\t\t\t<\/div>\n\t\t\t\t\t<\/div>\n\t\t<\/div>\n\t\t\t\t<div class=\"elementor-column elementor-col-25 elementor-inner-column elementor-element elementor-element-3658550 elementor-hidden-tablet elementor-hidden-phone\" data-id=\"3658550\" data-element_type=\"column\" data-e-type=\"column\">\n\t\t\t<div class=\"elementor-widget-wrap\">\n\t\t\t\t\t\t\t<\/div>\n\t\t<\/div>\n\t\t\t\t\t<\/div>\n\t\t<\/section>\n\t\t\t\t<div class=\"elementor-element elementor-element-9d29f0e elementor-widget elementor-widget-spacer\" data-id=\"9d29f0e\" data-element_type=\"widget\" data-e-type=\"widget\" data-widget_type=\"spacer.default\">\n\t\t\t\t<div class=\"elementor-widget-container\">\n\t\t\t\t\t\t\t<div class=\"elementor-spacer\">\n\t\t\t<div class=\"elementor-spacer-inner\"><\/div>\n\t\t<\/div>\n\t\t\t\t\t\t<\/div>\n\t\t\t\t<\/div>\n\t\t\t\t\t<\/div>\n\t\t<\/div>\n\t\t\t\t\t<\/div>\n\t\t<\/section>\n\t\t\t\t<\/div>\n\t\t","protected":false},"excerpt":{"rendered":"<p>BQDC Legal Portugal Taxas de servi\u00e7os jur\u00eddicos Lista de pre\u00e7os Documento de altera\u00e7\u00f5es ao c\u00f3digo de trabalho Documento com altera\u00e7\u00f5es ao c\u00f3digo do trabalho Modelos de contratos Modelo de Contrato Modelos de consentimento Modelo de Consentimento Ortodontia Modelo Consentimento de Implantes Seguros O presente contrato tem por objecto a garantia de responsabilidade civil extracontratual\u2026\u201d. O [&hellip;]<\/p>\n","protected":false},"author":1,"featured_media":0,"parent":0,"menu_order":0,"comment_status":"closed","ping_status":"closed","template":"elementor_header_footer","meta":{"footnotes":""},"class_list":["post-26520","page","type-page","status-publish"],"_links":{"self":[{"href":"https:\/\/bqdentalcenters.es\/zona-privada\/wp-json\/wp\/v2\/pages\/26520","targetHints":{"allow":["GET"]}}],"collection":[{"href":"https:\/\/bqdentalcenters.es\/zona-privada\/wp-json\/wp\/v2\/pages"}],"about":[{"href":"https:\/\/bqdentalcenters.es\/zona-privada\/wp-json\/wp\/v2\/types\/page"}],"author":[{"embeddable":true,"href":"https:\/\/bqdentalcenters.es\/zona-privada\/wp-json\/wp\/v2\/users\/1"}],"replies":[{"embeddable":true,"href":"https:\/\/bqdentalcenters.es\/zona-privada\/wp-json\/wp\/v2\/comments?post=26520"}],"version-history":[{"count":45,"href":"https:\/\/bqdentalcenters.es\/zona-privada\/wp-json\/wp\/v2\/pages\/26520\/revisions"}],"predecessor-version":[{"id":26729,"href":"https:\/\/bqdentalcenters.es\/zona-privada\/wp-json\/wp\/v2\/pages\/26520\/revisions\/26729"}],"wp:attachment":[{"href":"https:\/\/bqdentalcenters.es\/zona-privada\/wp-json\/wp\/v2\/media?parent=26520"}],"curies":[{"name":"wp","href":"https:\/\/api.w.org\/{rel}","templated":true}]}}